{"id":2128,"date":"2020-02-25T12:59:06","date_gmt":"2020-02-25T11:59:06","guid":{"rendered":"https:\/\/www.arpege-security.com\/page-d-exemple\/"},"modified":"2022-04-21T22:07:47","modified_gmt":"2022-04-21T20:07:47","slug":"about","status":"publish","type":"page","link":"https:\/\/www.arpege-security.com\/en\/about\/","title":{"rendered":"About"},"content":{"rendered":"<p>[vc_row full_width=&#8221;stretch_row&#8221; css_animation=&#8221;fadeIn&#8221; css=&#8221;.vc_custom_1602078696493{margin-top: -75px !important;padding-top: 60px !important;padding-bottom: 30px !important;background-color: #29398c !important;}&#8221;][vc_column][vc_column_text]<\/p>\n<h2 style=\"text-align: center; text-transform: uppercase;\"><span style=\"color: #ffffff;\">Our mission is to protect your material assets and human resources.<\/span><\/h2>\n<p>[\/vc_column_text][\/vc_column][\/vc_row][vc_row][vc_column][vc_column_text]<\/p>\n<p class=\"v1MsoListParagraph\"><span lang=\"EN-GB\"><strong>ARPEGE SECURITY<\/strong> a \u00e9t\u00e9 fond\u00e9 en <strong>1990<\/strong>.<\/span><\/p>\n<p class=\"v1MsoListParagraph\"><span lang=\"EN-GB\">Nous aidons les banques centrales, banques de d\u00e9tail, centres de tri, transporteurs de fonds, soci\u00e9t\u00e9s mini\u00e8res, ambassades, et arm\u00e9es dans leurs probl\u00e9matiques s\u00e9curitaires. Nous sommes actifs en Afrique et en Europe.<\/span><!-- \/wp:paragraph --><\/p>\n<p>[\/vc_column_text][\/vc_column][\/vc_row][vc_row css=&#8221;.vc_custom_1602081299263{padding-top: 50px !important;padding-bottom: 30px !important;}&#8221;][vc_column width=&#8221;1\/4&#8243;]<div class=\"heading-title style5 \"><div class=\"heading-title-inner\"><h3><span>NOS PRODUITS<\/span><\/h3><\/div><\/div>[\/vc_column][vc_column width=&#8221;3\/4&#8243;][vc_column_text]<\/p>\n<p class=\"v1MsoListParagraph\"><span lang=\"EN-GB\">Nous proposons des \u00e9quipements et consommables n\u00e9cessaires \u00e0 l&#8217;authentification, au transport, \u00e0 la r\u00e9ception, et au stockage de billets, pi\u00e8ces, documents, et autres biens pr\u00e9cieux.<\/span><\/p>\n<p class=\"v1MsoListParagraph\"><span lang=\"EN-GB\">Nous offrons \u00e9galement une gamme de produits assurant la s\u00e9curit\u00e9 du personnel civil et militaire mobile, en poste de contr\u00f4le, et en lieux clos.<\/span><\/p>\n<p>[\/vc_column_text][\/vc_column][\/vc_row][vc_row css=&#8221;.vc_custom_1602081299263{padding-top: 50px !important;padding-bottom: 30px !important;}&#8221;][vc_column width=&#8221;1\/4&#8243;]<div class=\"heading-title style5 \"><div class=\"heading-title-inner\"><h3><span>NOS SERVICES<\/span><\/h3><\/div><\/div>[\/vc_column][vc_column width=&#8221;3\/4&#8243;][vc_column_text]<\/p>\n<p class=\"v1MsoListParagraph\"><span lang=\"EN-GB\"><strong>ARPEGE SECURITY<\/strong> est consult\u00e9 par des ministres, gouverneurs de banques centrales, et comit\u00e9s de direction pour ses services de conseil.<\/span><\/p>\n<p class=\"v1MsoListParagraph\"><span lang=\"EN-GB\">Nous r\u00e9visons l&#8217;architecture et la strat\u00e9gie s\u00e9curitaire de lieux \u00e0 haute s\u00e9curit\u00e9. Nous fournissons des conseils concernant la strat\u00e9gie op\u00e9rationnelle de gestion mon\u00e9taire aux banques centrales.<\/span><\/p>\n<p class=\"v1MsoListParagraph\"><span lang=\"EN-GB\">Nous faisons \u00e9galement des audits de s\u00e9curit\u00e9 des installations et am\u00e9nagement physiques existants.<\/span><\/p>\n<p>[\/vc_column_text][\/vc_column][\/vc_row]<\/p>\n","protected":false},"excerpt":{"rendered":"<p>[vc_row full_width=&#8221;stretch_row&#8221; css_animation=&#8221;fadeIn&#8221; css=&#8221;.vc_custom_1602078696493{margin-top: -75px !important;padding-top: 60px !important;padding-bottom: 30px !important;background-color: #29398c !important;}&#8221;][vc_column][vc_column_text] Our mission is to protect your material assets and human resources. [\/vc_column_text][\/vc_column][\/vc_row][vc_row][vc_column][vc_column_text] ARPEGE SECURITY a \u00e9t\u00e9 fond\u00e9 en 1990. Nous aidons les banques centrales, banques de d\u00e9tail, centres de tri, transporteurs de fonds, soci\u00e9t\u00e9s mini\u00e8res, ambassades, et arm\u00e9es<\/p>\n","protected":false},"author":1,"featured_media":0,"parent":0,"menu_order":0,"comment_status":"closed","ping_status":"open","template":"","meta":[],"yoast_head":"<!-- This site is optimized with the Yoast SEO plugin v19.3 - https:\/\/yoast.com\/wordpress\/plugins\/seo\/ -->\n<title>About - Arpege<\/title>\n<meta name=\"robots\" content=\"index, follow, max-snippet:-1, max-image-preview:large, max-video-preview:-1\" \/>\n<link rel=\"canonical\" href=\"https:\/\/www.arpege-security.com\/en\/about\/\" \/>\n<meta property=\"og:locale\" content=\"en_US\" \/>\n<meta property=\"og:type\" content=\"article\" \/>\n<meta property=\"og:title\" content=\"About - Arpege\" \/>\n<meta property=\"og:description\" content=\"[vc_row full_width=&#8221;stretch_row&#8221; css_animation=&#8221;fadeIn&#8221; css=&#8221;.vc_custom_1602078696493{margin-top: -75px !important;padding-top: 60px !important;padding-bottom: 30px !important;background-color: #29398c !important;}&#8221;][vc_column][vc_column_text] Our mission is to protect your material assets and human resources. [\/vc_column_text][\/vc_column][\/vc_row][vc_row][vc_column][vc_column_text] ARPEGE SECURITY a \u00e9t\u00e9 fond\u00e9 en 1990. Nous aidons les banques centrales, banques de d\u00e9tail, centres de tri, transporteurs de fonds, soci\u00e9t\u00e9s mini\u00e8res, ambassades, et arm\u00e9es\" \/>\n<meta property=\"og:url\" content=\"https:\/\/www.arpege-security.com\/en\/about\/\" \/>\n<meta property=\"og:site_name\" content=\"Arpege\" \/>\n<meta property=\"article:publisher\" content=\"https:\/\/www.facebook.com\/profile.php?id=100091709355275\" \/>\n<meta property=\"article:modified_time\" content=\"2022-04-21T20:07:47+00:00\" \/>\n<meta name=\"twitter:card\" content=\"summary_large_image\" \/>\n<meta name=\"twitter:label1\" content=\"Est. reading time\" \/>\n\t<meta name=\"twitter:data1\" content=\"1 minute\" \/>\n<script type=\"application\/ld+json\" class=\"yoast-schema-graph\">{\"@context\":\"https:\/\/schema.org\",\"@graph\":[{\"@type\":\"Organization\",\"@id\":\"https:\/\/www.arpege-security.com\/en\/#organization\",\"name\":\"ARPEGE SECURITY\",\"url\":\"https:\/\/www.arpege-security.com\/en\/\",\"sameAs\":[\"https:\/\/linkedin.com\/company\/arpege-security\",\"https:\/\/www.facebook.com\/profile.php?id=100091709355275\"],\"logo\":{\"@type\":\"ImageObject\",\"inLanguage\":\"en-US\",\"@id\":\"https:\/\/www.arpege-security.com\/en\/#\/schema\/logo\/image\/\",\"url\":\"https:\/\/www.arpege-security.com\/wp-content\/uploads\/2019\/01\/arpege-logo-1.png\",\"contentUrl\":\"https:\/\/www.arpege-security.com\/wp-content\/uploads\/2019\/01\/arpege-logo-1.png\",\"width\":250,\"height\":162,\"caption\":\"ARPEGE SECURITY\"},\"image\":{\"@id\":\"https:\/\/www.arpege-security.com\/en\/#\/schema\/logo\/image\/\"}},{\"@type\":\"WebSite\",\"@id\":\"https:\/\/www.arpege-security.com\/en\/#website\",\"url\":\"https:\/\/www.arpege-security.com\/en\/\",\"name\":\"Arpege\",\"description\":\"International leader in high security\",\"publisher\":{\"@id\":\"https:\/\/www.arpege-security.com\/en\/#organization\"},\"potentialAction\":[{\"@type\":\"SearchAction\",\"target\":{\"@type\":\"EntryPoint\",\"urlTemplate\":\"https:\/\/www.arpege-security.com\/en\/?s={search_term_string}\"},\"query-input\":\"required name=search_term_string\"}],\"inLanguage\":\"en-US\"},{\"@type\":\"WebPage\",\"@id\":\"https:\/\/www.arpege-security.com\/en\/about\/\",\"url\":\"https:\/\/www.arpege-security.com\/en\/about\/\",\"name\":\"About - Arpege\",\"isPartOf\":{\"@id\":\"https:\/\/www.arpege-security.com\/en\/#website\"},\"datePublished\":\"2020-02-25T11:59:06+00:00\",\"dateModified\":\"2022-04-21T20:07:47+00:00\",\"breadcrumb\":{\"@id\":\"https:\/\/www.arpege-security.com\/en\/about\/#breadcrumb\"},\"inLanguage\":\"en-US\",\"potentialAction\":[{\"@type\":\"ReadAction\",\"target\":[\"https:\/\/www.arpege-security.com\/en\/about\/\"]}]},{\"@type\":\"BreadcrumbList\",\"@id\":\"https:\/\/www.arpege-security.com\/en\/about\/#breadcrumb\",\"itemListElement\":[{\"@type\":\"ListItem\",\"position\":1,\"name\":\"Accueil\",\"item\":\"https:\/\/www.arpege-security.com\/en\/\"},{\"@type\":\"ListItem\",\"position\":2,\"name\":\"About\"}]}]}<\/script>\n<!-- \/ Yoast SEO plugin. -->","yoast_head_json":{"title":"About - Arpege","robots":{"index":"index","follow":"follow","max-snippet":"max-snippet:-1","max-image-preview":"max-image-preview:large","max-video-preview":"max-video-preview:-1"},"canonical":"https:\/\/www.arpege-security.com\/en\/about\/","og_locale":"en_US","og_type":"article","og_title":"About - Arpege","og_description":"[vc_row full_width=&#8221;stretch_row&#8221; css_animation=&#8221;fadeIn&#8221; css=&#8221;.vc_custom_1602078696493{margin-top: -75px !important;padding-top: 60px !important;padding-bottom: 30px !important;background-color: #29398c !important;}&#8221;][vc_column][vc_column_text] Our mission is to protect your material assets and human resources. [\/vc_column_text][\/vc_column][\/vc_row][vc_row][vc_column][vc_column_text] ARPEGE SECURITY a \u00e9t\u00e9 fond\u00e9 en 1990. Nous aidons les banques centrales, banques de d\u00e9tail, centres de tri, transporteurs de fonds, soci\u00e9t\u00e9s mini\u00e8res, ambassades, et arm\u00e9es","og_url":"https:\/\/www.arpege-security.com\/en\/about\/","og_site_name":"Arpege","article_publisher":"https:\/\/www.facebook.com\/profile.php?id=100091709355275","article_modified_time":"2022-04-21T20:07:47+00:00","twitter_card":"summary_large_image","twitter_misc":{"Est. reading time":"1 minute"},"schema":{"@context":"https:\/\/schema.org","@graph":[{"@type":"Organization","@id":"https:\/\/www.arpege-security.com\/en\/#organization","name":"ARPEGE SECURITY","url":"https:\/\/www.arpege-security.com\/en\/","sameAs":["https:\/\/linkedin.com\/company\/arpege-security","https:\/\/www.facebook.com\/profile.php?id=100091709355275"],"logo":{"@type":"ImageObject","inLanguage":"en-US","@id":"https:\/\/www.arpege-security.com\/en\/#\/schema\/logo\/image\/","url":"https:\/\/www.arpege-security.com\/wp-content\/uploads\/2019\/01\/arpege-logo-1.png","contentUrl":"https:\/\/www.arpege-security.com\/wp-content\/uploads\/2019\/01\/arpege-logo-1.png","width":250,"height":162,"caption":"ARPEGE SECURITY"},"image":{"@id":"https:\/\/www.arpege-security.com\/en\/#\/schema\/logo\/image\/"}},{"@type":"WebSite","@id":"https:\/\/www.arpege-security.com\/en\/#website","url":"https:\/\/www.arpege-security.com\/en\/","name":"Arpege","description":"International leader in high security","publisher":{"@id":"https:\/\/www.arpege-security.com\/en\/#organization"},"potentialAction":[{"@type":"SearchAction","target":{"@type":"EntryPoint","urlTemplate":"https:\/\/www.arpege-security.com\/en\/?s={search_term_string}"},"query-input":"required name=search_term_string"}],"inLanguage":"en-US"},{"@type":"WebPage","@id":"https:\/\/www.arpege-security.com\/en\/about\/","url":"https:\/\/www.arpege-security.com\/en\/about\/","name":"About - Arpege","isPartOf":{"@id":"https:\/\/www.arpege-security.com\/en\/#website"},"datePublished":"2020-02-25T11:59:06+00:00","dateModified":"2022-04-21T20:07:47+00:00","breadcrumb":{"@id":"https:\/\/www.arpege-security.com\/en\/about\/#breadcrumb"},"inLanguage":"en-US","potentialAction":[{"@type":"ReadAction","target":["https:\/\/www.arpege-security.com\/en\/about\/"]}]},{"@type":"BreadcrumbList","@id":"https:\/\/www.arpege-security.com\/en\/about\/#breadcrumb","itemListElement":[{"@type":"ListItem","position":1,"name":"Accueil","item":"https:\/\/www.arpege-security.com\/en\/"},{"@type":"ListItem","position":2,"name":"About"}]}]}},"_links":{"self":[{"href":"https:\/\/www.arpege-security.com\/en\/wp-json\/wp\/v2\/pages\/2128"}],"collection":[{"href":"https:\/\/www.arpege-security.com\/en\/wp-json\/wp\/v2\/pages"}],"about":[{"href":"https:\/\/www.arpege-security.com\/en\/wp-json\/wp\/v2\/types\/page"}],"author":[{"embeddable":true,"href":"https:\/\/www.arpege-security.com\/en\/wp-json\/wp\/v2\/users\/1"}],"replies":[{"embeddable":true,"href":"https:\/\/www.arpege-security.com\/en\/wp-json\/wp\/v2\/comments?post=2128"}],"version-history":[{"count":10,"href":"https:\/\/www.arpege-security.com\/en\/wp-json\/wp\/v2\/pages\/2128\/revisions"}],"predecessor-version":[{"id":2267,"href":"https:\/\/www.arpege-security.com\/en\/wp-json\/wp\/v2\/pages\/2128\/revisions\/2267"}],"wp:attachment":[{"href":"https:\/\/www.arpege-security.com\/en\/wp-json\/wp\/v2\/media?parent=2128"}],"curies":[{"name":"wp","href":"https:\/\/api.w.org\/{rel}","templated":true}]}}